{"id":114,"date":"2025-11-09T23:29:07","date_gmt":"2025-11-09T22:29:07","guid":{"rendered":"https:\/\/www.la-bulle-massage.ch\/?page_id=114"},"modified":"2026-02-25T17:43:46","modified_gmt":"2026-02-25T16:43:46","slug":"cabinet","status":"publish","type":"page","link":"https:\/\/www.la-bulle-massage.ch\/index.php\/cabinet\/","title":{"rendered":"Cabinet"},"content":{"rendered":"\t\t<div data-elementor-type=\"wp-page\" data-elementor-id=\"114\" class=\"elementor elementor-114\" data-elementor-post-type=\"page\">\n\t\t\t\t<div class=\"elementor-element elementor-element-4b57b864 e-con-full e-flex wpr-particle-no wpr-jarallax-no wpr-parallax-no wpr-sticky-section-no e-con e-parent\" data-id=\"4b57b864\" data-element_type=\"container\" data-e-type=\"container\">\n\t\t<div class=\"elementor-element elementor-element-ccd7646 e-con-full e-flex wpr-particle-no wpr-jarallax-no wpr-parallax-no wpr-sticky-section-no e-con e-child\" data-id=\"ccd7646\" data-element_type=\"container\" data-e-type=\"container\">\n\t\t\t\t<div class=\"elementor-element elementor-element-20243129 exad-sticky-section-no exad-glass-effect-no elementor-widget elementor-widget-eael-breadcrumbs\" data-id=\"20243129\" data-element_type=\"widget\" data-e-type=\"widget\" data-widget_type=\"eael-breadcrumbs.default\">\n\t\t\t\t<div class=\"elementor-widget-container\">\n\t\t\t\t\t\t\t<div class=\"eael-breadcrumbs\">\n\t\t\t\t\t\t<div class=\"eael-breadcrumbs__prefix\">\n\t\t\t\t<a href=\"https:\/\/www.la-bulle-massage.ch\" class=\"eael-breadcrumbs__prefix-link\"><svg aria-hidden=\"true\" class=\"e-font-icon-svg e-far-circle\" viewBox=\"0 0 512 512\" xmlns=\"http:\/\/www.w3.org\/2000\/svg\"><path d=\"M256 8C119 8 8 119 8 256s111 248 248 248 248-111 248-248S393 8 256 8zm0 448c-110.5 0-200-89.5-200-200S145.5 56 256 56s200 89.5 200 200-89.5 200-200 200z\"><\/path><\/svg><\/a>\t\t\t<\/a>\n\t\t\t<\/div>\n\t\t\t<div class=\"eael-breadcrumbs__content\"><a href=\"https:\/\/www.la-bulle-massage.ch\">Accueil<\/a> <span class=\"eael-breadcrumb-separator\">\/<\/span> <span class = \"eael-current\">Page<\/span><\/div>\t\t<\/div>\n\t\t\t\t\t\t<\/div>\n\t\t\t\t<\/div>\n\t\t\t\t<\/div>\n\t\t<div class=\"elementor-element elementor-element-40413e46 e-con-full e-flex wpr-particle-no wpr-jarallax-no wpr-parallax-no wpr-sticky-section-no e-con e-child\" data-id=\"40413e46\" data-element_type=\"container\" data-e-type=\"container\">\n\t\t\t\t<div class=\"elementor-element elementor-element-4e010e92 exad-sticky-section-no exad-glass-effect-no elementor-widget elementor-widget-global elementor-global-152 elementor-widget-theme-post-title\" data-id=\"4e010e92\" data-element_type=\"widget\" data-e-type=\"widget\" data-widget_type=\"theme-post-title.default\">\n\t\t\t\t\t<h1 class=\"elementor-heading-title elementor-size-default\">Cabinet<\/h1>\t\t\t\t<\/div>\n\t\t\t\t<\/div>\n\t\t\t\t<\/div>\n\t\t<div class=\"elementor-element elementor-element-94e992c e-flex e-con-boxed wpr-particle-no wpr-jarallax-no wpr-parallax-no wpr-sticky-section-no e-con e-parent\" data-id=\"94e992c\" data-element_type=\"container\" data-e-type=\"container\">\n\t\t\t\t\t<div class=\"e-con-inner\">\n\t\t<div class=\"elementor-element elementor-element-6a14817 e-con-full e-flex wpr-particle-no wpr-jarallax-no wpr-parallax-no wpr-sticky-section-no e-con e-child\" data-id=\"6a14817\" data-element_type=\"container\" data-e-type=\"container\">\n\t\t\t\t<div class=\"elementor-element elementor-element-bb5cc57 exad-sticky-section-no exad-glass-effect-no elementor-widget elementor-widget-heading\" data-id=\"bb5cc57\" data-element_type=\"widget\" data-e-type=\"widget\" data-widget_type=\"heading.default\">\n\t\t\t\t\t<h2 class=\"elementor-heading-title elementor-size-default\">Pourquoi choisir La Bulle Massage + Sport ?<\/h2>\t\t\t\t<\/div>\n\t\t\t\t<div class=\"elementor-element elementor-element-3251e40 exad-sticky-section-no exad-glass-effect-no elementor-widget elementor-widget-text-editor\" data-id=\"3251e40\" data-element_type=\"widget\" data-e-type=\"widget\" data-widget_type=\"text-editor.default\">\n\t\t\t\t\t\t\t\t\t<p>Chaque client et un cliente est unique, j&#8217;adapte mes services \u00e0 vos besoins sp\u00e9cifiques.<\/p><p>Depuis 2010, La Bulle Massage + Sport a \u00e9t\u00e9 un lieu de d\u00e9tente et de bien-\u00eatre. J&#8217;ai toujours \u00e9t\u00e9 d\u00e9vou\u00e9 \u00e0 l&#8217;apprentissage et \u00e0 la formation pour s&#8217;assurer que mes clients re\u00e7oivent les meilleurs services possibles.<\/p><p>Exp\u00e9rience et expertise : Avec plus d&#8217;une d\u00e9cennie d&#8217;exp\u00e9rience, je sais comment vous aider \u00e0 atteindre vos objectifs de bien-\u00eatre.<\/p><p>Ambiance chaleureuse : J&#8217;offre un environnement accueillant et relaxant o\u00f9 vous pouvez vous sentir \u00e0 l&#8217;aise.<\/p><p>Aujourd&#8217;hui, je combine toutes ces ann\u00e9es d&#8217;exp\u00e9rience pour vous offrir des solutions compl\u00e8tes pour votre sant\u00e9 physique et mentale.<\/p><p>Ma mission est simple : vous aider \u00e0 vous d\u00e9tendre, \u00e0 vous sentir bien dans votre corps et \u00e0 rester en forme.<\/p><p>Que vous cherchiez un moment de relaxation apr\u00e8s une longue journ\u00e9e ou que vous souhaitiez am\u00e9liorer votre condition physique, je poss\u00e8de les services qui r\u00e9pondent \u00e0 vos besoins.<\/p>\t\t\t\t\t\t\t\t<\/div>\n\t\t\t\t<\/div>\n\t\t<div class=\"elementor-element elementor-element-6d3628f e-con-full e-flex wpr-particle-no wpr-jarallax-no wpr-parallax-no wpr-sticky-section-no e-con e-child\" data-id=\"6d3628f\" data-element_type=\"container\" data-e-type=\"container\">\n\t\t\t\t<div class=\"elementor-element elementor-element-848f78d gallery-spacing-custom exad-sticky-section-no exad-glass-effect-no elementor-widget elementor-widget-image-gallery\" data-id=\"848f78d\" data-element_type=\"widget\" data-e-type=\"widget\" data-widget_type=\"image-gallery.default\">\n\t\t\t\t\t\t\t<div class=\"elementor-image-gallery\">\n\t\t\t<div id='gallery-1' class='gallery galleryid-114 gallery-columns-1 gallery-size-full'><figure class='gallery-item'>\n\t\t\t<div class='gallery-icon landscape'>\n\t\t\t\t<a data-elementor-open-lightbox=\"yes\" data-elementor-lightbox-slideshow=\"848f78d\" data-e-action-hash=\"#elementor-action%3Aaction%3Dlightbox%26settings%3DeyJpZCI6NzA2LCJ1cmwiOiJodHRwczpcL1wvd3d3LmxhLWJ1bGxlLW1hc3NhZ2UuY2hcL3dwLWNvbnRlbnRcL3VwbG9hZHNcLzIwMjVcLzEyXC9BY2N1ZWlsLW5ldXRyZS53ZWJwIiwic2xpZGVzaG93IjoiODQ4Zjc4ZCJ9\" href='https:\/\/www.la-bulle-massage.ch\/wp-content\/uploads\/2025\/12\/Accueil-neutre.webp'><img fetchpriority=\"high\" decoding=\"async\" width=\"1090\" height=\"613\" src=\"https:\/\/www.la-bulle-massage.ch\/wp-content\/uploads\/2025\/12\/Accueil-neutre.webp\" class=\"attachment-full size-full\" alt=\"\" srcset=\"https:\/\/www.la-bulle-massage.ch\/wp-content\/uploads\/2025\/12\/Accueil-neutre.webp 1090w, https:\/\/www.la-bulle-massage.ch\/wp-content\/uploads\/2025\/12\/Accueil-neutre-300x169.webp 300w, https:\/\/www.la-bulle-massage.ch\/wp-content\/uploads\/2025\/12\/Accueil-neutre-1024x576.webp 1024w, https:\/\/www.la-bulle-massage.ch\/wp-content\/uploads\/2025\/12\/Accueil-neutre-768x432.webp 768w\" sizes=\"(max-width: 1090px) 100vw, 1090px\" \/><\/a>\n\t\t\t<\/div><\/figure><figure class='gallery-item'>\n\t\t\t<div class='gallery-icon landscape'>\n\t\t\t\t<a data-elementor-open-lightbox=\"yes\" data-elementor-lightbox-slideshow=\"848f78d\" data-e-action-hash=\"#elementor-action%3Aaction%3Dlightbox%26settings%3DeyJpZCI6MzY0LCJ1cmwiOiJodHRwczpcL1wvd3d3LmxhLWJ1bGxlLW1hc3NhZ2UuY2hcL3dwLWNvbnRlbnRcL3VwbG9hZHNcLzIwMjVcLzEyXC9Db2FjaGluZ19zcG9ydF8xLXNjYWxlZC53ZWJwIiwic2xpZGVzaG93IjoiODQ4Zjc4ZCJ9\" href='https:\/\/www.la-bulle-massage.ch\/wp-content\/uploads\/2025\/12\/Coaching_sport_1-scaled.webp'><img decoding=\"async\" width=\"1920\" height=\"1080\" src=\"https:\/\/www.la-bulle-massage.ch\/wp-content\/uploads\/2025\/12\/Coaching_sport_1-scaled.webp\" class=\"attachment-full size-full\" alt=\"\" srcset=\"https:\/\/www.la-bulle-massage.ch\/wp-content\/uploads\/2025\/12\/Coaching_sport_1-scaled.webp 1920w, https:\/\/www.la-bulle-massage.ch\/wp-content\/uploads\/2025\/12\/Coaching_sport_1-300x169.webp 300w, https:\/\/www.la-bulle-massage.ch\/wp-content\/uploads\/2025\/12\/Coaching_sport_1-1024x576.webp 1024w, https:\/\/www.la-bulle-massage.ch\/wp-content\/uploads\/2025\/12\/Coaching_sport_1-768x432.webp 768w, https:\/\/www.la-bulle-massage.ch\/wp-content\/uploads\/2025\/12\/Coaching_sport_1-1536x864.webp 1536w\" sizes=\"(max-width: 1920px) 100vw, 1920px\" \/><\/a>\n\t\t\t<\/div><\/figure><figure class='gallery-item'>\n\t\t\t<div class='gallery-icon landscape'>\n\t\t\t\t<a data-elementor-open-lightbox=\"yes\" data-elementor-lightbox-slideshow=\"848f78d\" data-e-action-hash=\"#elementor-action%3Aaction%3Dlightbox%26settings%3DeyJpZCI6NDMwLCJ1cmwiOiJodHRwczpcL1wvd3d3LmxhLWJ1bGxlLW1hc3NhZ2UuY2hcL3dwLWNvbnRlbnRcL3VwbG9hZHNcLzIwMjZcLzAxXC90YWJsZV9tYXNzYWdlLXNjYWxlZC53ZWJwIiwic2xpZGVzaG93IjoiODQ4Zjc4ZCJ9\" href='https:\/\/www.la-bulle-massage.ch\/wp-content\/uploads\/2026\/01\/table_massage-scaled.webp'><img decoding=\"async\" width=\"1920\" height=\"1080\" src=\"https:\/\/www.la-bulle-massage.ch\/wp-content\/uploads\/2026\/01\/table_massage-scaled.webp\" class=\"attachment-full size-full\" alt=\"\" srcset=\"https:\/\/www.la-bulle-massage.ch\/wp-content\/uploads\/2026\/01\/table_massage-scaled.webp 1920w, https:\/\/www.la-bulle-massage.ch\/wp-content\/uploads\/2026\/01\/table_massage-300x169.webp 300w, https:\/\/www.la-bulle-massage.ch\/wp-content\/uploads\/2026\/01\/table_massage-1024x576.webp 1024w, https:\/\/www.la-bulle-massage.ch\/wp-content\/uploads\/2026\/01\/table_massage-768x432.webp 768w, https:\/\/www.la-bulle-massage.ch\/wp-content\/uploads\/2026\/01\/table_massage-1536x864.webp 1536w\" sizes=\"(max-width: 1920px) 100vw, 1920px\" \/><\/a>\n\t\t\t<\/div><\/figure><figure class='gallery-item'>\n\t\t\t<div class='gallery-icon portrait'>\n\t\t\t\t<a data-elementor-open-lightbox=\"yes\" data-elementor-lightbox-slideshow=\"848f78d\" data-e-action-hash=\"#elementor-action%3Aaction%3Dlightbox%26settings%3DeyJpZCI6NDIxLCJ1cmwiOiJodHRwczpcL1wvd3d3LmxhLWJ1bGxlLW1hc3NhZ2UuY2hcL3dwLWNvbnRlbnRcL3VwbG9hZHNcLzIwMjVcLzEyXC90YWJsZWF1LW1hc3NhZ2Utc2NhbGVkLndlYnAiLCJzbGlkZXNob3ciOiI4NDhmNzhkIn0%3D\" href='https:\/\/www.la-bulle-massage.ch\/wp-content\/uploads\/2025\/12\/tableau-massage-scaled.webp'><img loading=\"lazy\" decoding=\"async\" width=\"1080\" height=\"1920\" src=\"https:\/\/www.la-bulle-massage.ch\/wp-content\/uploads\/2025\/12\/tableau-massage-scaled.webp\" class=\"attachment-full size-full\" alt=\"\" srcset=\"https:\/\/www.la-bulle-massage.ch\/wp-content\/uploads\/2025\/12\/tableau-massage-scaled.webp 1080w, https:\/\/www.la-bulle-massage.ch\/wp-content\/uploads\/2025\/12\/tableau-massage-169x300.webp 169w, https:\/\/www.la-bulle-massage.ch\/wp-content\/uploads\/2025\/12\/tableau-massage-576x1024.webp 576w, https:\/\/www.la-bulle-massage.ch\/wp-content\/uploads\/2025\/12\/tableau-massage-768x1366.webp 768w, https:\/\/www.la-bulle-massage.ch\/wp-content\/uploads\/2025\/12\/tableau-massage-864x1536.webp 864w\" sizes=\"(max-width: 1080px) 100vw, 1080px\" \/><\/a>\n\t\t\t<\/div><\/figure>\n\t\t<\/div>\n\t\t<\/div>\n\t\t\t\t\t\t<\/div>\n\t\t\t\t<\/div>\n\t\t\t\t\t<\/div>\n\t\t\t\t<\/div>\n\t\t\t\t<\/div>\n\t\t","protected":false},"excerpt":{"rendered":"<p>Accueil \/ Page Pourquoi choisir La Bulle Massage + Sport ? Chaque client et un cliente est unique, j&#8217;adapte mes services \u00e0 vos besoins sp\u00e9cifiques. Depuis 2010, La Bulle Massage + Sport a \u00e9t\u00e9 un lieu de d\u00e9tente et de bien-\u00eatre. J&#8217;ai toujours \u00e9t\u00e9 d\u00e9vou\u00e9 \u00e0 l&#8217;apprentissage et \u00e0 la formation pour s&#8217;assurer que mes clients re\u00e7oivent les meilleurs services possibles. Exp\u00e9rience et expertise : Avec plus d&#8217;une d\u00e9cennie d&#8217;exp\u00e9rience, je sais comment vous aider \u00e0 atteindre vos objectifs de bien-\u00eatre. Ambiance chaleureuse : J&#8217;offre un environnement accueillant et relaxant o\u00f9 vous pouvez vous sentir \u00e0 l&#8217;aise. Aujourd&#8217;hui, je combine toutes ces ann\u00e9es d&#8217;exp\u00e9rience pour vous offrir des solutions compl\u00e8tes pour votre sant\u00e9 physique et mentale. Ma mission est simple : vous aider \u00e0 vous d\u00e9tendre, \u00e0 vous sentir bien dans votre corps et \u00e0 rester en forme. Que vous cherchiez un moment de relaxation apr\u00e8s une longue journ\u00e9e ou que vous souhaitiez am\u00e9liorer votre condition physique, je poss\u00e8de les services qui r\u00e9pondent \u00e0 vos besoins.<\/p>\n","protected":false},"author":1,"featured_media":277,"parent":0,"menu_order":0,"comment_status":"closed","ping_status":"closed","template":"","meta":{"_acf_changed":false,"footnotes":""},"class_list":["post-114","page","type-page","status-publish","has-post-thumbnail","hentry"],"acf":[],"_links":{"self":[{"href":"https:\/\/www.la-bulle-massage.ch\/index.php\/wp-json\/wp\/v2\/pages\/114","targetHints":{"allow":["GET"]}}],"collection":[{"href":"https:\/\/www.la-bulle-massage.ch\/index.php\/wp-json\/wp\/v2\/pages"}],"about":[{"href":"https:\/\/www.la-bulle-massage.ch\/index.php\/wp-json\/wp\/v2\/types\/page"}],"author":[{"embeddable":true,"href":"https:\/\/www.la-bulle-massage.ch\/index.php\/wp-json\/wp\/v2\/users\/1"}],"replies":[{"embeddable":true,"href":"https:\/\/www.la-bulle-massage.ch\/index.php\/wp-json\/wp\/v2\/comments?post=114"}],"version-history":[{"count":29,"href":"https:\/\/www.la-bulle-massage.ch\/index.php\/wp-json\/wp\/v2\/pages\/114\/revisions"}],"predecessor-version":[{"id":751,"href":"https:\/\/www.la-bulle-massage.ch\/index.php\/wp-json\/wp\/v2\/pages\/114\/revisions\/751"}],"wp:featuredmedia":[{"embeddable":true,"href":"https:\/\/www.la-bulle-massage.ch\/index.php\/wp-json\/wp\/v2\/media\/277"}],"wp:attachment":[{"href":"https:\/\/www.la-bulle-massage.ch\/index.php\/wp-json\/wp\/v2\/media?parent=114"}],"curies":[{"name":"wp","href":"https:\/\/api.w.org\/{rel}","templated":true}]}}